{"id":19316,"date":"2020-05-13T11:13:34","date_gmt":"2020-05-13T14:13:34","guid":{"rendered":"http:\/\/atecordoba.org\/?page_id=19316"},"modified":"2024-07-17T16:02:32","modified_gmt":"2024-07-17T19:02:32","slug":"contacto","status":"publish","type":"page","link":"https:\/\/atecordoba.org\/?page_id=19316","title":{"rendered":"Contacto"},"content":{"rendered":"<div class=\"wpb-content-wrapper\"><p>[vc_row][vc_column width=&#8221;1\/2&#8243;][vc_gmaps link=&#8221;#E-8_JTNDaWZyYW1lJTIwc3JjJTNEJTIyaHR0cHMlM0ElMkYlMkZ3d3cuZ29vZ2xlLmNvbSUyRm1hcHMlMkZlbWJlZCUzRnBiJTNEJTIxMW0xOCUyMTFtMTIlMjExbTMlMjExZDM0MDQuNzg3NjgwNTQwNjg3JTIxMmQtNjQuMTgxMTExMjI5NTgzNDglMjEzZC0zMS40MTk5NzUzNTQ2NzgzNTclMjEybTMlMjExZjAlMjEyZjAlMjEzZjAlMjEzbTIlMjExaTEwMjQlMjEyaTc2OCUyMTRmMTMuMSUyMTNtMyUyMTFtMiUyMTFzMHg5NDMyYTI5YTQ2NGQwNDc5JTI1M0EweGE0ZTRlNmFjZTNmYTUzMGQlMjEyc0VudHJlJTI1MjBSJTI1QzMlMjVBRG9zJTI1MjA0NTAlMjUyQyUyNTIwWDUwMDBBSkolMjUyMEMlMjVDMyUyNUIzcmRvYmElMjE1ZTAlMjEzbTIlMjExc2VzLTQxOSUyMTJzYXIlMjE0djE1OTEwMzk0NDAzMzMlMjE1bTIlMjExc2VzLTQxOSUyMTJzYXIlMjIlMjB3aWR0aCUzRCUyMjYwMCUyMiUyMGhlaWdodCUzRCUyMjQ1MCUyMiUyMGZyYW1lYm9yZGVyJTNEJTIyMCUyMiUyMHN0eWxlJTNEJTIyYm9yZGVyJTNBMCUzQiUyMiUyMGFsbG93ZnVsbHNjcmVlbiUzRCUyMiUyMiUyMGFyaWEtaGlkZGVuJTNEJTIyZmFsc2UlMjIlMjB0YWJpbmRleCUzRCUyMjAlMjIlM0UlM0MlMkZpZnJhbWUlM0U=&#8221;][\/vc_column][vc_column width=&#8221;1\/2&#8243;][vc_column_text]<\/p>\n<h1>Asociaci\u00f3n Trabajadores del Estado<br \/>\nConsejo Directivo Provincial C\u00f3rdoba<\/h1>\n<p>Entre R\u00edos 450,<span class=\"_2iem\">Ciudad de C\u00f3rdoba. C\u00f3rdoba<br \/>\n<\/span><\/p>\n<div>\n<div class=\"_5aj7 _3-8j\">\n<div class=\"_4bl9\">\n<div>Tel\u00e9fono: 0351 423-2748<\/div>\n<div class=\"_50f4\">Correo: prensa@atecordoba.org<\/div>\n<div><\/div>\n<\/div>\n<\/div>\n<\/div>\n<p>[\/vc_column_text][\/vc_column][\/vc_row][vc_row][vc_column]<style id=\"wpforms-css-vars-44617\">\n\t\t\t\t#wpforms-44617 {\n\t\t\t\t\n\t\t\t}\n\t\t\t<\/style><div class=\"wpforms-container wpforms-container-full wpforms-render-modern\" id=\"wpforms-44617\"><form id=\"wpforms-form-44617\" class=\"wpforms-validate wpforms-form wpforms-ajax-form\" data-formid=\"44617\" method=\"post\" enctype=\"multipart\/form-data\" action=\"\/index.php?rest_route=%2Fwp%2Fv2%2Fpages%2F19316\" data-token=\"c449cb8ff5af7400013505fb6c84f17f\" data-token-time=\"1777737481\"><div class=\"wpforms-head-container\"><div class=\"wpforms-title\">Escr\u00edbenos<\/div><div class=\"wpforms-description\">Realiz\u00e1 tu consulta o envianos un mensaje a trav\u00e9s del siguiente formulario:<\/div><\/div><noscript class=\"wpforms-error-noscript\">Please enable JavaScript in your browser to complete this form.<\/noscript><div id=\"wpforms-error-noscript\" style=\"display: none;\">Please enable JavaScript in your browser to complete this form.<\/div><div class=\"wpforms-field-container\"><div id=\"wpforms-44617-field_0-container\" class=\"wpforms-field wpforms-field-name\" data-field-id=\"0\"><label class=\"wpforms-field-label\" for=\"wpforms-44617-field_0\">Nombre y Apellido <span class=\"wpforms-required-label\" aria-hidden=\"true\">*<\/span><\/label><input type=\"text\" id=\"wpforms-44617-field_0\" class=\"wpforms-field-medium wpforms-field-required\" name=\"wpforms[fields][0]\" aria-errormessage=\"wpforms-44617-field_0-error\" required><\/div><div id=\"wpforms-44617-field_1-container\" class=\"wpforms-field wpforms-field-email\" data-field-id=\"1\"><label class=\"wpforms-field-label\" for=\"wpforms-44617-field_1\">Contacto(email o numero telefono) <span class=\"wpforms-required-label\" aria-hidden=\"true\">*<\/span><\/label><input type=\"email\" id=\"wpforms-44617-field_1\" class=\"wpforms-field-medium wpforms-field-required\" name=\"wpforms[fields][1]\" spellcheck=\"false\" aria-errormessage=\"wpforms-44617-field_1-error\" required><\/div><div id=\"wpforms-44617-field_2-container\" class=\"wpforms-field wpforms-field-textarea\" data-field-id=\"2\"><label class=\"wpforms-field-label\" for=\"wpforms-44617-field_2\">Comentario o mensaje<\/label><textarea id=\"wpforms-44617-field_2\" class=\"wpforms-field-medium\" name=\"wpforms[fields][2]\" aria-errormessage=\"wpforms-44617-field_2-error\" ><\/textarea><\/div><\/div><!-- .wpforms-field-container --><div class=\"wpforms-recaptcha-container wpforms-is-recaptcha wpforms-is-recaptcha-type-v2\" ><div class=\"g-recaptcha\" data-sitekey=\"6LdqbxIqAAAAAPb1zqhTRxG2kznKgNy8SN-ceMOd\"><\/div><input type=\"text\" name=\"g-recaptcha-hidden\" class=\"wpforms-recaptcha-hidden\" style=\"position:absolute!important;clip:rect(0,0,0,0)!important;height:1px!important;width:1px!important;border:0!important;overflow:hidden!important;padding:0!important;margin:0!important;\" data-rule-recaptcha=\"1\"><\/div><div class=\"wpforms-submit-container\" ><input type=\"hidden\" name=\"wpforms[id]\" value=\"44617\"><input type=\"hidden\" name=\"page_title\" value=\"\"><input type=\"hidden\" name=\"page_url\" value=\"https:\/\/atecordoba.org\/index.php?rest_route=\/wp\/v2\/pages\/19316\"><input type=\"hidden\" name=\"url_referer\" value=\"\"><button type=\"submit\" name=\"wpforms[submit]\" id=\"wpforms-submit-44617\" class=\"wpforms-submit\" data-alt-text=\"Enviando\" data-submit-text=\"Enviar\" aria-live=\"assertive\" value=\"wpforms-submit\">Enviar<\/button><img loading=\"lazy\" decoding=\"async\" src=\"https:\/\/atecordoba.org\/wp-content\/plugins\/wpforms-lite\/assets\/images\/submit-spin.svg\" class=\"wpforms-submit-spinner\" style=\"display: none;\" width=\"26\" height=\"26\" alt=\"Loading\"><\/div><\/form><\/div>  <!-- .wpforms-container -->[\/vc_column][\/vc_row]<\/p>\n<\/div>","protected":false},"excerpt":{"rendered":"<p>[vc_row][vc_column width=&#8221;1\/2&#8243;][vc_gmaps link=&#8221;#E-8_JTNDaWZyYW1lJTIwc3JjJTNEJTIyaHR0cHMlM0ElMkYlMkZ3d3cuZ29vZ2xlLmNvbSUyRm1hcHMlMkZlbWJlZCUzRnBiJTNEJTIxMW0xOCUyMTFtMTIlMjExbTMlMjExZDM0MDQuNzg3NjgwNTQwNjg3JTIxMmQtNjQuMTgxMTExMjI5NTgzNDglMjEzZC0zMS40MTk5NzUzNTQ2NzgzNTclMjEybTMlMjExZjAlMjEyZjAlMjEzZjAlMjEzbTIlMjExaTEwMjQlMjEyaTc2OCUyMTRmMTMuMSUyMTNtMyUyMTFtMiUyMTFzMHg5NDMyYTI5YTQ2NGQwNDc5JTI1M0EweGE0ZTRlNmFjZTNmYTUzMGQlMjEyc0VudHJlJTI1MjBSJTI1QzMlMjVBRG9zJTI1MjA0NTAlMjUyQyUyNTIwWDUwMDBBSkolMjUyMEMlMjVDMyUyNUIzcmRvYmElMjE1ZTAlMjEzbTIlMjExc2VzLTQxOSUyMTJzYXIlMjE0djE1OTEwMzk0NDAzMzMlMjE1bTIlMjExc2VzLTQxOSUyMTJzYXIlMjIlMjB3aWR0aCUzRCUyMjYwMCUyMiUyMGhlaWdodCUzRCUyMjQ1MCUyMiUyMGZyYW1lYm9yZGVyJTNEJTIyMCUyMiUyMHN0eWxlJTNEJTIyYm9yZGVyJTNBMCUzQiUyMiUyMGFsbG93ZnVsbHNjcmVlbiUzRCUyMiUyMiUyMGFyaWEtaGlkZGVuJTNEJTIyZmFsc2UlMjIlMjB0YWJpbmRleCUzRCUyMjAlMjIlM0UlM0MlMkZpZnJhbWUlM0U=&#8221;][\/vc_column][vc_column width=&#8221;1\/2&#8243;][vc_column_text] Asociaci\u00f3n Trabajadores del Estado Consejo Directivo Provincial C\u00f3rdoba Entre R\u00edos 450,Ciudad de C\u00f3rdoba. C\u00f3rdoba Tel\u00e9fono: 0351 423-2748 Correo: prensa@atecordoba.org [\/vc_column_text][\/vc_column][\/vc_row][vc_row][vc_column][\/vc_column][\/vc_row]<\/p>\n","protected":false},"author":1,"featured_media":0,"parent":0,"menu_order":0,"comment_status":"closed","ping_status":"closed","template":"","meta":{"_exactmetrics_skip_tracking":false,"_exactmetrics_sitenote_active":false,"_exactmetrics_sitenote_note":"","_exactmetrics_sitenote_category":0,"jnews_page_loop":{"enable_page_loop":"0","first_title":"Latest Post","second_title":"","header_type":"heading_6","header_background":"","header_text_color":"","layout":"right-sidebar","sidebar":"default-sidebar","second_sidebar":"default-sidebar","sticky_sidebar":"1","module":"3","boxed":"0","boxed_shadow":"0","box_shadow":"0","excerpt_length":"20","content_date":"default","date_custom":"Y\/m\/d","content_pagination":"nav_1","pagination_align":"center","show_navtext":"0","show_pageinfo":"0","post_offset":"0","posts_per_page":"5","include_post":"","exclude_post":"","include_category":"","exclude_category":"","include_author":"","include_tag":"","exclude_tag":"","sort_by":"latest"},"jnews_single_page":{"layout":"no-sidebar","sidebar":"default-sidebar","second_sidebar":"default-sidebar","sticky_sidebar":"1","show_post_featured":"1","show_post_meta":"0","share_position":"top","share_color":"share-monocrhome"},"jnews_social_meta":{"fb_title":"","fb_description":"","fb_image":"","twitter_title":"","twitter_description":"","twitter_image":""},"footnotes":""},"class_list":["post-19316","page","type-page","status-publish","hentry"],"_links":{"self":[{"href":"https:\/\/atecordoba.org\/index.php?rest_route=\/wp\/v2\/pages\/19316","targetHints":{"allow":["GET"]}}],"collection":[{"href":"https:\/\/atecordoba.org\/index.php?rest_route=\/wp\/v2\/pages"}],"about":[{"href":"https:\/\/atecordoba.org\/index.php?rest_route=\/wp\/v2\/types\/page"}],"author":[{"embeddable":true,"href":"https:\/\/atecordoba.org\/index.php?rest_route=\/wp\/v2\/users\/1"}],"replies":[{"embeddable":true,"href":"https:\/\/atecordoba.org\/index.php?rest_route=%2Fwp%2Fv2%2Fcomments&post=19316"}],"version-history":[{"count":5,"href":"https:\/\/atecordoba.org\/index.php?rest_route=\/wp\/v2\/pages\/19316\/revisions"}],"predecessor-version":[{"id":44625,"href":"https:\/\/atecordoba.org\/index.php?rest_route=\/wp\/v2\/pages\/19316\/revisions\/44625"}],"wp:attachment":[{"href":"https:\/\/atecordoba.org\/index.php?rest_route=%2Fwp%2Fv2%2Fmedia&parent=19316"}],"curies":[{"name":"wp","href":"https:\/\/api.w.org\/{rel}","templated":true}]}}